{"id":57,"date":"2017-08-01T15:43:46","date_gmt":"2017-08-01T13:43:46","guid":{"rendered":"http:\/\/gus.no\/blogg\/?page_id=57"},"modified":"2025-09-09T13:49:49","modified_gmt":"2025-09-09T11:49:49","slug":"2024-2025","status":"publish","type":"page","link":"https:\/\/gus.no\/blogg\/2024-2025\/","title":{"rendered":"2026\/2027"},"content":{"rendered":"<h3>Hva er greia med dette?<\/h3>\n<p>P\u00e5 G\u00e5 Ut Senteret skjer det mye som du nesten ikke kan oppleve noe annet sted &#8211; b\u00e5de i hverdagen i Trondheim og gjennom v\u00e5re praksisperioder i utlandet.<\/p>\n<p>Noe av dette vil vi dele med deg &#8211; og spesielt med deg som selv vil v\u00e6re med i 2026\/2027.<\/p>\n<p>Inntak til neste skole\u00e5r starter 1. november! Les mer om linjene og s\u00f8k om plass p\u00e5 <strong><a href=\"http:\/\/www.gus.no\">www.gus.no<\/a><\/strong><\/p>\n","protected":false},"excerpt":{"rendered":"<p>Lenge til neste skole\u00e5r?<br \/>\nF\u00f8lg oss her mens du venter.<\/p>\n","protected":false},"author":1,"featured_media":0,"parent":0,"menu_order":0,"comment_status":"closed","ping_status":"closed","template":"","meta":{"_exactmetrics_skip_tracking":false,"_exactmetrics_sitenote_active":false,"_exactmetrics_sitenote_note":"","_exactmetrics_sitenote_category":0,"footnotes":""},"class_list":["post-57","page","type-page","status-publish","hentry","missing-thumbnail"],"yoast_head":"<!-- This site is optimized with the Yoast SEO plugin v23.5 - https:\/\/yoast.com\/wordpress\/plugins\/seo\/ -->\n<title>2026\/2027 - Blogg<\/title>\n<meta name=\"robots\" content=\"index, follow, max-snippet:-1, max-image-preview:large, max-video-preview:-1\" \/>\n<link rel=\"canonical\" href=\"https:\/\/gus.no\/blogg\/2024-2025\/\" \/>\n<meta property=\"og:locale\" content=\"nb_NO\" \/>\n<meta property=\"og:type\" content=\"article\" \/>\n<meta property=\"og:title\" content=\"2026\/2027 - Blogg\" \/>\n<meta property=\"og:description\" content=\"Lenge til neste skole\u00e5r? F\u00f8lg oss her mens du venter.\" \/>\n<meta property=\"og:url\" content=\"https:\/\/gus.no\/blogg\/2024-2025\/\" \/>\n<meta property=\"og:site_name\" content=\"Blogg\" \/>\n<meta property=\"article:publisher\" content=\"http:\/\/www.facebook.com\/gaautsenteret\" \/>\n<meta property=\"article:modified_time\" content=\"2025-09-09T11:49:49+00:00\" \/>\n<meta name=\"twitter:card\" content=\"summary_large_image\" \/>\n<meta name=\"twitter:label1\" content=\"Ansl. lesetid\" \/>\n\t<meta name=\"twitter:data1\" content=\"1 minutt\" \/>\n<script type=\"application\/ld+json\" class=\"yoast-schema-graph\">{\"@context\":\"https:\/\/schema.org\",\"@graph\":[{\"@type\":\"WebPage\",\"@id\":\"https:\/\/gus.no\/blogg\/2024-2025\/\",\"url\":\"https:\/\/gus.no\/blogg\/2024-2025\/\",\"name\":\"2026\/2027 - Blogg\",\"isPartOf\":{\"@id\":\"https:\/\/gus.no\/blogg\/#website\"},\"datePublished\":\"2017-08-01T13:43:46+00:00\",\"dateModified\":\"2025-09-09T11:49:49+00:00\",\"breadcrumb\":{\"@id\":\"https:\/\/gus.no\/blogg\/2024-2025\/#breadcrumb\"},\"inLanguage\":\"nb-NO\",\"potentialAction\":[{\"@type\":\"ReadAction\",\"target\":[\"https:\/\/gus.no\/blogg\/2024-2025\/\"]}]},{\"@type\":\"BreadcrumbList\",\"@id\":\"https:\/\/gus.no\/blogg\/2024-2025\/#breadcrumb\",\"itemListElement\":[{\"@type\":\"ListItem\",\"position\":1,\"name\":\"Hjem\",\"item\":\"https:\/\/gus.no\/blogg\/\"},{\"@type\":\"ListItem\",\"position\":2,\"name\":\"2026\/2027\"}]},{\"@type\":\"WebSite\",\"@id\":\"https:\/\/gus.no\/blogg\/#website\",\"url\":\"https:\/\/gus.no\/blogg\/\",\"name\":\"Blogg\",\"description\":\"G\u00e5 Ut Senteret\",\"potentialAction\":[{\"@type\":\"SearchAction\",\"target\":{\"@type\":\"EntryPoint\",\"urlTemplate\":\"https:\/\/gus.no\/blogg\/?s={search_term_string}\"},\"query-input\":{\"@type\":\"PropertyValueSpecification\",\"valueRequired\":true,\"valueName\":\"search_term_string\"}}],\"inLanguage\":\"nb-NO\"}]}<\/script>\n<!-- \/ Yoast SEO plugin. -->","yoast_head_json":{"title":"2026\/2027 - Blogg","robots":{"index":"index","follow":"follow","max-snippet":"max-snippet:-1","max-image-preview":"max-image-preview:large","max-video-preview":"max-video-preview:-1"},"canonical":"https:\/\/gus.no\/blogg\/2024-2025\/","og_locale":"nb_NO","og_type":"article","og_title":"2026\/2027 - Blogg","og_description":"Lenge til neste skole\u00e5r? F\u00f8lg oss her mens du venter.","og_url":"https:\/\/gus.no\/blogg\/2024-2025\/","og_site_name":"Blogg","article_publisher":"http:\/\/www.facebook.com\/gaautsenteret","article_modified_time":"2025-09-09T11:49:49+00:00","twitter_card":"summary_large_image","twitter_misc":{"Ansl. lesetid":"1 minutt"},"schema":{"@context":"https:\/\/schema.org","@graph":[{"@type":"WebPage","@id":"https:\/\/gus.no\/blogg\/2024-2025\/","url":"https:\/\/gus.no\/blogg\/2024-2025\/","name":"2026\/2027 - Blogg","isPartOf":{"@id":"https:\/\/gus.no\/blogg\/#website"},"datePublished":"2017-08-01T13:43:46+00:00","dateModified":"2025-09-09T11:49:49+00:00","breadcrumb":{"@id":"https:\/\/gus.no\/blogg\/2024-2025\/#breadcrumb"},"inLanguage":"nb-NO","potentialAction":[{"@type":"ReadAction","target":["https:\/\/gus.no\/blogg\/2024-2025\/"]}]},{"@type":"BreadcrumbList","@id":"https:\/\/gus.no\/blogg\/2024-2025\/#breadcrumb","itemListElement":[{"@type":"ListItem","position":1,"name":"Hjem","item":"https:\/\/gus.no\/blogg\/"},{"@type":"ListItem","position":2,"name":"2026\/2027"}]},{"@type":"WebSite","@id":"https:\/\/gus.no\/blogg\/#website","url":"https:\/\/gus.no\/blogg\/","name":"Blogg","description":"G\u00e5 Ut Senteret","potentialAction":[{"@type":"SearchAction","target":{"@type":"EntryPoint","urlTemplate":"https:\/\/gus.no\/blogg\/?s={search_term_string}"},"query-input":{"@type":"PropertyValueSpecification","valueRequired":true,"valueName":"search_term_string"}}],"inLanguage":"nb-NO"}]}},"_links":{"self":[{"href":"https:\/\/gus.no\/blogg\/wp-json\/wp\/v2\/pages\/57"}],"collection":[{"href":"https:\/\/gus.no\/blogg\/wp-json\/wp\/v2\/pages"}],"about":[{"href":"https:\/\/gus.no\/blogg\/wp-json\/wp\/v2\/types\/page"}],"author":[{"embeddable":true,"href":"https:\/\/gus.no\/blogg\/wp-json\/wp\/v2\/users\/1"}],"replies":[{"embeddable":true,"href":"https:\/\/gus.no\/blogg\/wp-json\/wp\/v2\/comments?post=57"}],"version-history":[{"count":39,"href":"https:\/\/gus.no\/blogg\/wp-json\/wp\/v2\/pages\/57\/revisions"}],"predecessor-version":[{"id":8821,"href":"https:\/\/gus.no\/blogg\/wp-json\/wp\/v2\/pages\/57\/revisions\/8821"}],"wp:attachment":[{"href":"https:\/\/gus.no\/blogg\/wp-json\/wp\/v2\/media?parent=57"}],"curies":[{"name":"wp","href":"https:\/\/api.w.org\/{rel}","templated":true}]}}